{"id":15,"date":"2018-12-11T17:15:42","date_gmt":"2018-12-11T22:15:42","guid":{"rendered":"https:\/\/fioridiromagna.pe\/plantas\/?page_id=15"},"modified":"2019-01-25T23:35:36","modified_gmt":"2019-01-26T04:35:36","slug":"servicios","status":"publish","type":"page","link":"https:\/\/fioridiromagna.pe\/plantas\/servicios\/","title":{"rendered":"Servicios"},"content":{"rendered":"\t\t<div data-elementor-type=\"wp-post\" data-elementor-id=\"15\" class=\"elementor elementor-15 elementor-bc-flex-widget\">\n\t\t\t\t\t\t<section class=\"elementor-section elementor-top-section elementor-element elementor-element-532cba8a elementor-section-boxed elementor-section-height-default elementor-section-height-default\" data-id=\"532cba8a\" data-element_type=\"section\">\n\t\t\t\t\t\t<div class=\"elementor-container elementor-column-gap-default\">\n\t\t\t\t\t<div class=\"elementor-column elementor-col-100 elementor-top-column elementor-element elementor-element-1bcfd6b3\" data-id=\"1bcfd6b3\" data-element_type=\"column\">\n\t\t\t<div class=\"elementor-widget-wrap elementor-element-populated\">\n\t\t\t\t\t\t<section class=\"elementor-section elementor-inner-section elementor-element elementor-element-f9956f2 elementor-section-boxed elementor-section-height-default elementor-section-height-default\" data-id=\"f9956f2\" data-element_type=\"section\">\n\t\t\t\t\t\t<div class=\"elementor-container elementor-column-gap-wide\">\n\t\t\t\t\t<div class=\"elementor-column elementor-col-50 elementor-inner-column elementor-element elementor-element-24a5be0\" data-id=\"24a5be0\" data-element_type=\"column\">\n\t\t\t<div class=\"elementor-widget-wrap elementor-element-populated\">\n\t\t\t\t\t\t<div class=\"elementor-element elementor-element-cdae3da elementor-widget elementor-widget-image\" data-id=\"cdae3da\" data-element_type=\"widget\" data-widget_type=\"image.default\">\n\t\t\t\t<div class=\"elementor-widget-container\">\n\t\t\t\t\t\t\t\t\t\t\t\t\t\t\t<img fetchpriority=\"high\" decoding=\"async\" width=\"700\" height=\"300\" src=\"https:\/\/fioridiromagna.pe\/plantas\/wp-content\/uploads\/2019\/01\/servcios-fiori-di-romagna-5.jpg\" class=\"attachment-full size-full wp-image-1155\" alt=\"\" srcset=\"https:\/\/fioridiromagna.pe\/plantas\/wp-content\/uploads\/2019\/01\/servcios-fiori-di-romagna-5.jpg 700w, https:\/\/fioridiromagna.pe\/plantas\/wp-content\/uploads\/2019\/01\/servcios-fiori-di-romagna-5-600x257.jpg 600w\" sizes=\"(max-width: 700px) 100vw, 700px\" \/>\t\t\t\t\t\t\t\t\t\t\t\t\t\t\t<\/div>\n\t\t\t\t<\/div>\n\t\t\t\t<div class=\"elementor-element elementor-element-effa757 elementor-widget elementor-widget-heading\" data-id=\"effa757\" data-element_type=\"widget\" data-widget_type=\"heading.default\">\n\t\t\t\t<div class=\"elementor-widget-container\">\n\t\t\t\t\t<h2 class=\"elementor-heading-title elementor-size-default\">Servicio Empresarial<\/h2>\t\t\t\t<\/div>\n\t\t\t\t<\/div>\n\t\t\t\t<div class=\"elementor-element elementor-element-03aa183 elementor-widget elementor-widget-text-editor\" data-id=\"03aa183\" data-element_type=\"widget\" data-widget_type=\"text-editor.default\">\n\t\t\t\t<div class=\"elementor-widget-container\">\n\t\t\t\t\t\t\t\t\t<p>Dise\u00f1o e implementaci\u00f3n de \u00e1reas verdes para ambientes corporativos como directorios, oficinas, salas de exposici\u00f3n, auditorios, comedores, espacios en com\u00fan etc\u2026<br \/>Proyecci\u00f3n personalizada a la necesidad y concepto de la empresa, paisajismo interior e innovaci\u00f3n en sistemas de riego semi y\/o autom\u00e1tico.<br \/>Manejo de una propuesta B\u00c1SICA y una INTEGRAL, dependiendo de su disposici\u00f3n de inversi\u00f3n.<\/p>\t\t\t\t\t\t\t\t<\/div>\n\t\t\t\t<\/div>\n\t\t\t\t\t<\/div>\n\t\t<\/div>\n\t\t\t\t<div class=\"elementor-column elementor-col-50 elementor-inner-column elementor-element elementor-element-2f884ab\" data-id=\"2f884ab\" data-element_type=\"column\">\n\t\t\t<div class=\"elementor-widget-wrap elementor-element-populated\">\n\t\t\t\t\t\t<div class=\"elementor-element elementor-element-baf1060 elementor-widget elementor-widget-image\" data-id=\"baf1060\" data-element_type=\"widget\" data-widget_type=\"image.default\">\n\t\t\t\t<div class=\"elementor-widget-container\">\n\t\t\t\t\t\t\t\t\t\t\t\t\t\t\t<img decoding=\"async\" width=\"700\" height=\"300\" src=\"https:\/\/fioridiromagna.pe\/plantas\/wp-content\/uploads\/2019\/01\/servcios-fiori-di-romagna-6.jpg\" class=\"attachment-full size-full wp-image-1156\" alt=\"\" srcset=\"https:\/\/fioridiromagna.pe\/plantas\/wp-content\/uploads\/2019\/01\/servcios-fiori-di-romagna-6.jpg 700w, https:\/\/fioridiromagna.pe\/plantas\/wp-content\/uploads\/2019\/01\/servcios-fiori-di-romagna-6-600x257.jpg 600w\" sizes=\"(max-width: 700px) 100vw, 700px\" \/>\t\t\t\t\t\t\t\t\t\t\t\t\t\t\t<\/div>\n\t\t\t\t<\/div>\n\t\t\t\t<div class=\"elementor-element elementor-element-7105c93 elementor-widget elementor-widget-heading\" data-id=\"7105c93\" data-element_type=\"widget\" data-widget_type=\"heading.default\">\n\t\t\t\t<div class=\"elementor-widget-container\">\n\t\t\t\t\t<h2 class=\"elementor-heading-title elementor-size-default\">Servicio Residencial<\/h2>\t\t\t\t<\/div>\n\t\t\t\t<\/div>\n\t\t\t\t<div class=\"elementor-element elementor-element-129dc0c elementor-widget elementor-widget-text-editor\" data-id=\"129dc0c\" data-element_type=\"widget\" data-widget_type=\"text-editor.default\">\n\t\t\t\t<div class=\"elementor-widget-container\">\n\t\t\t\t\t\t\t\t\t<p>Dise\u00f1o e implementaci\u00f3n de \u00e1reas verdes para ambientes como hall de recepci\u00f3n, espacios comunes, terrazas comunes, fachadas , pasillos, espacios residuales, etc\u2026<br \/>Innovaci\u00f3n en sistemas de riego semi y\/o autom\u00e1tico, ahorro a largo plazo.<\/p>\t\t\t\t\t\t\t\t<\/div>\n\t\t\t\t<\/div>\n\t\t\t\t\t<\/div>\n\t\t<\/div>\n\t\t\t\t\t<\/div>\n\t\t<\/section>\n\t\t\t\t<section class=\"elementor-section elementor-inner-section elementor-element elementor-element-44912f7 elementor-section-boxed elementor-section-height-default elementor-section-height-default\" data-id=\"44912f7\" data-element_type=\"section\">\n\t\t\t\t\t\t<div class=\"elementor-container elementor-column-gap-wide\">\n\t\t\t\t\t<div class=\"elementor-column elementor-col-50 elementor-inner-column elementor-element elementor-element-837528c\" data-id=\"837528c\" data-element_type=\"column\">\n\t\t\t<div class=\"elementor-widget-wrap elementor-element-populated\">\n\t\t\t\t\t\t<div class=\"elementor-element elementor-element-cf23896 elementor-widget elementor-widget-image\" data-id=\"cf23896\" data-element_type=\"widget\" data-widget_type=\"image.default\">\n\t\t\t\t<div class=\"elementor-widget-container\">\n\t\t\t\t\t\t\t\t\t\t\t\t\t\t\t<img decoding=\"async\" width=\"700\" height=\"300\" src=\"https:\/\/fioridiromagna.pe\/plantas\/wp-content\/uploads\/2019\/01\/servcios-fiori-di-romagna-8.jpg\" class=\"attachment-full size-full wp-image-1161\" alt=\"\" srcset=\"https:\/\/fioridiromagna.pe\/plantas\/wp-content\/uploads\/2019\/01\/servcios-fiori-di-romagna-8.jpg 700w, https:\/\/fioridiromagna.pe\/plantas\/wp-content\/uploads\/2019\/01\/servcios-fiori-di-romagna-8-600x257.jpg 600w\" sizes=\"(max-width: 700px) 100vw, 700px\" \/>\t\t\t\t\t\t\t\t\t\t\t\t\t\t\t<\/div>\n\t\t\t\t<\/div>\n\t\t\t\t<div class=\"elementor-element elementor-element-58c3077 elementor-widget elementor-widget-heading\" data-id=\"58c3077\" data-element_type=\"widget\" data-widget_type=\"heading.default\">\n\t\t\t\t<div class=\"elementor-widget-container\">\n\t\t\t\t\t<h2 class=\"elementor-heading-title elementor-size-default\">Arreglos Coorporativos y Conmemorativos<\/h2>\t\t\t\t<\/div>\n\t\t\t\t<\/div>\n\t\t\t\t<div class=\"elementor-element elementor-element-4e93be7 elementor-widget elementor-widget-text-editor\" data-id=\"4e93be7\" data-element_type=\"widget\" data-widget_type=\"text-editor.default\">\n\t\t\t\t<div class=\"elementor-widget-container\">\n\t\t\t\t\t\t\t\t\t<p>Te brindamos un cat\u00e1logo de arreglos con plantas vivas en fechas conmemorativas para tu empresa, desde peque\u00f1os presentes para tu equipo de trabajadores hasta arreglos para eventos corporativos, con servicio de delivery incluido.<\/p>\t\t\t\t\t\t\t\t<\/div>\n\t\t\t\t<\/div>\n\t\t\t\t\t<\/div>\n\t\t<\/div>\n\t\t\t\t<div class=\"elementor-column elementor-col-50 elementor-inner-column elementor-element elementor-element-497d913\" data-id=\"497d913\" data-element_type=\"column\">\n\t\t\t<div class=\"elementor-widget-wrap elementor-element-populated\">\n\t\t\t\t\t\t<div class=\"elementor-element elementor-element-5f2ae3f elementor-widget elementor-widget-image\" data-id=\"5f2ae3f\" data-element_type=\"widget\" data-widget_type=\"image.default\">\n\t\t\t\t<div class=\"elementor-widget-container\">\n\t\t\t\t\t\t\t\t\t\t\t\t\t\t\t<img loading=\"lazy\" decoding=\"async\" width=\"700\" height=\"300\" src=\"https:\/\/fioridiromagna.pe\/plantas\/wp-content\/uploads\/2019\/01\/servcios-fiori-di-romagna-7.jpg\" class=\"attachment-full size-full wp-image-1157\" alt=\"\" srcset=\"https:\/\/fioridiromagna.pe\/plantas\/wp-content\/uploads\/2019\/01\/servcios-fiori-di-romagna-7.jpg 700w, https:\/\/fioridiromagna.pe\/plantas\/wp-content\/uploads\/2019\/01\/servcios-fiori-di-romagna-7-600x257.jpg 600w\" sizes=\"(max-width: 700px) 100vw, 700px\" \/>\t\t\t\t\t\t\t\t\t\t\t\t\t\t\t<\/div>\n\t\t\t\t<\/div>\n\t\t\t\t<div class=\"elementor-element elementor-element-d916937 elementor-widget elementor-widget-heading\" data-id=\"d916937\" data-element_type=\"widget\" data-widget_type=\"heading.default\">\n\t\t\t\t<div class=\"elementor-widget-container\">\n\t\t\t\t\t<h2 class=\"elementor-heading-title elementor-size-default\">Sistema de Bombeo y Distribuci\u00f3n<\/h2>\t\t\t\t<\/div>\n\t\t\t\t<\/div>\n\t\t\t\t<div class=\"elementor-element elementor-element-f4f34b0 elementor-widget elementor-widget-text-editor\" data-id=\"f4f34b0\" data-element_type=\"widget\" data-widget_type=\"text-editor.default\">\n\t\t\t\t<div class=\"elementor-widget-container\">\n\t\t\t\t\t\t\t\t\t<p>Para un correcto desarrollo de tus plantas es importante el riego constante de estas, es por ello que te proponemos sistemas de riego para hacer mas simple el mantenimiento de tus areas verdes, todo personalizado para tus espacios con las garant\u00edas de un profesional capacitado.<\/p>\t\t\t\t\t\t\t\t<\/div>\n\t\t\t\t<\/div>\n\t\t\t\t\t<\/div>\n\t\t<\/div>\n\t\t\t\t\t<\/div>\n\t\t<\/section>\n\t\t\t\t<div class=\"elementor-element elementor-element-0a6570d elementor-widget elementor-widget-image\" data-id=\"0a6570d\" data-element_type=\"widget\" data-widget_type=\"image.default\">\n\t\t\t\t<div class=\"elementor-widget-container\">\n\t\t\t\t\t\t\t\t\t\t\t\t\t\t\t<img decoding=\"async\" src=\"https:\/\/fioridiromagna.pe\/plantas\/wp-content\/uploads\/elementor\/thumbs\/servcios-fiori-di-romagna-9-o3fhhl6f2efwp3qar946pue2rnu2geij7tjllbgb7c.jpg\" title=\"servcios-fiori-di-romagna-9\" alt=\"servcios-fiori-di-romagna-9\" loading=\"lazy\" \/>\t\t\t\t\t\t\t\t\t\t\t\t\t\t\t<\/div>\n\t\t\t\t<\/div>\n\t\t\t\t<section class=\"elementor-section elementor-inner-section elementor-element elementor-element-51de517 elementor-section-boxed elementor-section-height-default elementor-section-height-default\" data-id=\"51de517\" data-element_type=\"section\">\n\t\t\t\t\t\t<div class=\"elementor-container elementor-column-gap-wide\">\n\t\t\t\t\t<div class=\"elementor-column elementor-col-100 elementor-inner-column elementor-element elementor-element-a01cb51\" data-id=\"a01cb51\" data-element_type=\"column\">\n\t\t\t<div class=\"elementor-widget-wrap elementor-element-populated\">\n\t\t\t\t\t\t<div class=\"elementor-element elementor-element-d9789a8 elementor-widget elementor-widget-heading\" data-id=\"d9789a8\" data-element_type=\"widget\" data-widget_type=\"heading.default\">\n\t\t\t\t<div class=\"elementor-widget-container\">\n\t\t\t\t\t<h2 class=\"elementor-heading-title elementor-size-default\">Mantenimiento Especializado<\/h2>\t\t\t\t<\/div>\n\t\t\t\t<\/div>\n\t\t\t\t<div class=\"elementor-element elementor-element-8cb69ba elementor-widget elementor-widget-text-editor\" data-id=\"8cb69ba\" data-element_type=\"widget\" data-widget_type=\"text-editor.default\">\n\t\t\t\t<div class=\"elementor-widget-container\">\n\t\t\t\t\t\t\t\t\tFiori di romagna te ofrece el mantenimiento mensual de tus \u00e1reas verdes para el correcto crecimiento y desarrollo de tus plantas controlando la est\u00e9tica del espacio. Nuestro mantenimiento consta de:\n<ul><li>Modelamiento de su jard\u00edn, reposici\u00f3n de materia muerta y limpieza del lugar.<\/li>\n<li>Servicio de fumigaci\u00f3n y\/o fertilizaci\u00f3n<\/li>\n<li>Poda especializada de \u00e1rboles<\/li>\n<li>Mantenimiento de sistemas de riego<\/li>\n<li>Mantenimiento y\/o reposici\u00f3n de jardines verticales<\/li>\n<\/ul>\t\t\t\t\t\t\t\t<\/div>\n\t\t\t\t<\/div>\n\t\t\t\t\t<\/div>\n\t\t<\/div>\n\t\t\t\t\t<\/div>\n\t\t<\/section>\n\t\t\t\t\t<\/div>\n\t\t<\/div>\n\t\t\t\t\t<\/div>\n\t\t<\/section>\n\t\t\t\t<\/div>\n\t\t","protected":false},"excerpt":{"rendered":"<p>Servicio Empresarial Dise\u00f1o e implementaci\u00f3n de \u00e1reas verdes para ambientes corporativos como directorios, oficinas, salas de exposici\u00f3n, auditorios, comedores, espacios en com\u00fan etc\u2026Proyecci\u00f3n personalizada a la necesidad y concepto de la empresa, paisajismo interior e innovaci\u00f3n en sistemas de riego semi y\/o autom\u00e1tico.Manejo de una propuesta B\u00c1SICA y una INTEGRAL, dependiendo de su disposici\u00f3n de [&hellip;]<\/p>\n","protected":false},"author":1,"featured_media":0,"parent":0,"menu_order":0,"comment_status":"closed","ping_status":"closed","template":"","meta":{"ocean_post_layout":"full-width","ocean_both_sidebars_style":"","ocean_both_sidebars_content_width":0,"ocean_both_sidebars_sidebars_width":0,"ocean_sidebar":"0","ocean_second_sidebar":"0","ocean_disable_margins":"enable","ocean_add_body_class":"","ocean_shortcode_before_top_bar":"","ocean_shortcode_after_top_bar":"","ocean_shortcode_before_header":"","ocean_shortcode_after_header":"","ocean_has_shortcode":"","ocean_shortcode_after_title":"","ocean_shortcode_before_footer_widgets":"","ocean_shortcode_after_footer_widgets":"","ocean_shortcode_before_footer_bottom":"","ocean_shortcode_after_footer_bottom":"","ocean_display_top_bar":"default","ocean_display_header":"default","ocean_header_style":"","ocean_center_header_left_menu":"0","ocean_custom_header_template":"0","ocean_custom_logo":0,"ocean_custom_retina_logo":0,"ocean_custom_logo_max_width":0,"ocean_custom_logo_tablet_max_width":0,"ocean_custom_logo_mobile_max_width":0,"ocean_custom_logo_max_height":0,"ocean_custom_logo_tablet_max_height":0,"ocean_custom_logo_mobile_max_height":0,"ocean_header_custom_menu":"0","ocean_menu_typo_font_family":"0","ocean_menu_typo_font_subset":"","ocean_menu_typo_font_size":0,"ocean_menu_typo_font_size_tablet":0,"ocean_menu_typo_font_size_mobile":0,"ocean_menu_typo_font_size_unit":"px","ocean_menu_typo_font_weight":"","ocean_menu_typo_font_weight_tablet":"","ocean_menu_typo_font_weight_mobile":"","ocean_menu_typo_transform":"","ocean_menu_typo_transform_tablet":"","ocean_menu_typo_transform_mobile":"","ocean_menu_typo_line_height":0,"ocean_menu_typo_line_height_tablet":0,"ocean_menu_typo_line_height_mobile":0,"ocean_menu_typo_line_height_unit":"","ocean_menu_typo_spacing":0,"ocean_menu_typo_spacing_tablet":0,"ocean_menu_typo_spacing_mobile":0,"ocean_menu_typo_spacing_unit":"","ocean_menu_link_color":"","ocean_menu_link_color_hover":"","ocean_menu_link_color_active":"","ocean_menu_link_background":"","ocean_menu_link_hover_background":"","ocean_menu_link_active_background":"","ocean_menu_social_links_bg":"","ocean_menu_social_hover_links_bg":"","ocean_menu_social_links_color":"","ocean_menu_social_hover_links_color":"","ocean_disable_title":"default","ocean_disable_heading":"default","ocean_post_title":"","ocean_post_subheading":"","ocean_post_title_style":"","ocean_post_title_background_color":"","ocean_post_title_background":0,"ocean_post_title_bg_image_position":"","ocean_post_title_bg_image_attachment":"","ocean_post_title_bg_image_repeat":"","ocean_post_title_bg_image_size":"","ocean_post_title_height":0,"ocean_post_title_bg_overlay":0.5,"ocean_post_title_bg_overlay_color":"","ocean_disable_breadcrumbs":"default","ocean_breadcrumbs_color":"","ocean_breadcrumbs_separator_color":"","ocean_breadcrumbs_links_color":"","ocean_breadcrumbs_links_hover_color":"","ocean_display_footer_widgets":"default","ocean_display_footer_bottom":"default","ocean_custom_footer_template":"0","footnotes":""},"class_list":["post-15","page","type-page","status-publish","hentry","entry","owp-thumbs-layout-horizontal","owp-btn-normal","owp-tabs-layout-section","has-no-thumbnails"],"_links":{"self":[{"href":"https:\/\/fioridiromagna.pe\/plantas\/wp-json\/wp\/v2\/pages\/15","targetHints":{"allow":["GET"]}}],"collection":[{"href":"https:\/\/fioridiromagna.pe\/plantas\/wp-json\/wp\/v2\/pages"}],"about":[{"href":"https:\/\/fioridiromagna.pe\/plantas\/wp-json\/wp\/v2\/types\/page"}],"author":[{"embeddable":true,"href":"https:\/\/fioridiromagna.pe\/plantas\/wp-json\/wp\/v2\/users\/1"}],"replies":[{"embeddable":true,"href":"https:\/\/fioridiromagna.pe\/plantas\/wp-json\/wp\/v2\/comments?post=15"}],"version-history":[{"count":39,"href":"https:\/\/fioridiromagna.pe\/plantas\/wp-json\/wp\/v2\/pages\/15\/revisions"}],"predecessor-version":[{"id":1164,"href":"https:\/\/fioridiromagna.pe\/plantas\/wp-json\/wp\/v2\/pages\/15\/revisions\/1164"}],"wp:attachment":[{"href":"https:\/\/fioridiromagna.pe\/plantas\/wp-json\/wp\/v2\/media?parent=15"}],"curies":[{"name":"wp","href":"https:\/\/api.w.org\/{rel}","templated":true}]}}