{"id":3,"date":"2018-12-11T14:24:03","date_gmt":"2018-12-11T14:24:03","guid":{"rendered":"https:\/\/fioridiromagna.pe\/plantas\/?page_id=3"},"modified":"2019-01-25T23:27:34","modified_gmt":"2019-01-26T04:27:34","slug":"politica-privacidad","status":"publish","type":"page","link":"https:\/\/fioridiromagna.pe\/plantas\/politica-privacidad\/","title":{"rendered":"Pol\u00edtica de privacidad"},"content":{"rendered":"<p>Pol\u00edtica de protecci\u00f3n de datos personales<br \/>\nInformaci\u00f3n general<\/p>\n<p>FIORI DI ROMAGNA es una empresa dedicada a la comercializaci\u00f3n de productos decorativos con plantas vivas, garantizando la supervivencia de estas, delicadamente tratadas por nuestro equipo y adaptadas a las condiciones clim\u00e1ticas de la ciudad de Arequipa.<\/p>\n<p>Nuestras oficinas se encuentran en la urb. La Marina d28 Cayma nos pueden contactar al 054-509721.<br \/>\nNuestro punto de venta se encuentra en av trinidad moran xxx &#8211; yanahuara nos puedes contactar al 959083098 o al 959083074<\/p>\n<p>Como parte de su actividad, usa y trata datos personales en cumplimiento con lo dispuesto en la Ley 29733 \u2013 Ley de Protecci\u00f3n de Datos Personales, su Reglamento, aprobado por Decreto Supremo 003-2013-JUS, y las normas complementaria y modificatoria de las anteriores (todas \u00e9stas en adelante definidas como la \u201cNormativa de Protecci\u00f3n de Datos Personales\u201d.<\/p>\n<p>Los datos personales que obtiene Fiori Di Romagna son almacenados en bancos de datos personales de titularidad de Fiori Di Romagna<\/p>\n<p>Objetivo<br \/>\nLa presente Pol\u00edtica hace de conocimiento del p\u00fablico los lineamientos bajo los cuales Fiori Di Romagna realiza el tratamiento de datos personales, la finalidad para la que lo hace, as\u00ed como los procedimientos para que los titulares de los mismos puedan ejercer los derechos de acceso, rectificaci\u00f3n, cancelaci\u00f3n y oposici\u00f3n previstos en la Normativa de Protecci\u00f3n de Datos Personales.<\/p>\n<p>Principales rectores<br \/>\nFiori di Romagna se compromete a respetar los principios rectores establecidos en la Normativa de Protecci\u00f3n de Datos Personales. Estos son: el principio de legalidad, el principio de consentimiento, el principio de finalidad, el principio de proporcionalidad, el principio de calidad, el principio de seguridad, el principio de disposici\u00f3n de recurso y el principio de nivel de protecci\u00f3n adecuado<\/p>\n<p>Alcance<br \/>\nLa presente Pol\u00edtica se aplica a toda actividad de almacenamiento y tratamiento de datos personales por parte de Fiori di Romagna. Ser\u00e1 tambi\u00e9n de aplicaci\u00f3n para aquellas personas o empresas a las que Fiori di Romagna requiera el tratamiento de datos personales de los cuales sea responsable.<\/p>\n<p>Finalidad del tratamiento de los datos personales<br \/>\nFiori di Romagna realiza el tratamiento de datos personales, entre otros, para los siguientes fines:<\/p>\n<ul>\n<li>Preparar y entregar al titular del dato personal publicidad de sus productos y\/o servicios, ofertas personalizadas de productos y\/o servicios de Fiori di Romagna, de manera individual o conjunta con otros productos o servicios en convenio con otras empresas.<\/li>\n<li>Evaluar la capacidad de compra, comportamiento de pago y de consumo, patrimonio, gustos y preferencias de consumo del titular de los datos personales.<\/li>\n<li>Dar cumplimiento a las obligaciones contractuales y\/o normativas adquiridas frente a sus clientes, trabajadores, proveedores y\/o contratistas.<\/li>\n<li>Realizar encuestas sobre productos y\/o servicios propios.<\/li>\n<li>Atender las solicitudes relacionadas al ofrecimiento de productos o servicios propios de la empresa Fiori di Romagna.<\/li>\n<li>Env\u00edo de invitaciones a actividades convocadas por Fiori di Romagna.<\/li>\n<li>Actualizar y consultar datos de contacto y otra informaci\u00f3n relevante.<\/li>\n<li>Garantizar el cumplimiento de los protocolos de seguridad de la informaci\u00f3n.<\/li>\n<li>Dar cumplimiento a las pol\u00edticas, procedimientos y protocolos de contrataci\u00f3n y gesti\u00f3n de trabajadores, contratistas y\/o proveedores.<\/li>\n<li>Realizar actividades de reclutamiento y selecci\u00f3n de personal de manera directa o a trav\u00e9s de terceros.<\/li>\n<li>Elaborar estad\u00edsticas y\/o estudios de comportamiento, gustos y\/o tendencias.<\/li>\n<li>Las dem\u00e1s finalidades que se informen de manera previa y expresa a los titulares de datos personales previo a su tratamiento.<\/li>\n<\/ul>\n<p>Transferencia de datos personales<br \/>\nFiori di Romagna podr\u00e1 transferir datos personales a entidades p\u00fablicas legalmente facultadas dentro del \u00e1mbito de sus competencias en cumplimiento de normativa vigente o futura o por requerimiento de \u00e9stas.<\/p>\n<p>Autorizaci\u00f3n para la obtenci\u00f3n de datos personales y consulta de fuentes p\u00fablicas y\/o autorizadas<\/p>\n<p>El titular de los datos personales autoriza a Fiori di Romagna a tratar sus datos personales obtenidos de fuentes p\u00fablicas, gratuitas o no, o de fuentes no p\u00fablicas, siempre que dichas fuentes cuenten con su autorizaci\u00f3n para tratar y transferir dichos datos personales. Los datos personales recabados podr\u00e1n ser tratados y transferidos cumpliendo los fines enumerados en la presente Pol\u00edtica, as\u00ed como al amparo de los principios de legalidad, proporcionalidad y finalidad recogidos en la normativa de protecci\u00f3n de datos personales.<\/p>\n<p>Derechos de los titulares<br \/>\nDe acuerdo con la Ley, los titulares de datos personales tienen los siguientes derechos: derecho de acceso e informaci\u00f3n, derecho de rectificaci\u00f3n, actualizaci\u00f3n e inclusi\u00f3n, derecho de cancelaci\u00f3n o supresi\u00f3n y derecho de oposici\u00f3n.<\/p>\n<p>Derecho de Acceso e informaci\u00f3n: El titular de datos personales tiene derecho a obtener la informaci\u00f3n que sobre s\u00ed mismo sea objeto de tratamiento en bancos de datos de titularidad de Fiori di Romagna.<\/p>\n<p>Derecho de rectificaci\u00f3n, actualizaci\u00f3n e inclusi\u00f3n: El titular de datos personales tiene derecho a la actualizaci\u00f3n, inclusi\u00f3n y rectificaci\u00f3n de sus datos personales materia de tratamiento por parte de Fiori Di Romagna cuando estos sean parcial o totalmente inexactos, incompletos o cuando se hubiere advertido omisi\u00f3n, error o falsedad.<\/p>\n<p>Derecho de Cancelaci\u00f3n o Supresi\u00f3n: El titular de datos personales podr\u00e1 solicitar la cancelaci\u00f3n o supresi\u00f3n de sus datos personales no relacionados o necesarios para la ejecuci\u00f3n de las obligaciones de cargo de fiori di Romagna previstas en los contratos suscritos o las dispuestas por la normativa vigente.<\/p>\n<p>Derecho de Oposici\u00f3n: El titular de datos personales puede oponerse al tratamiento de sus datos personales en cualquier momento. La oposici\u00f3n proceder\u00e1 en la medida que el tratamiento no tenga justificaci\u00f3n contractual o legal.<\/p>\n<p>Procedimientos para el ejercicio de los derechos del titular de los datos personales<br \/>\nLos Titulares podr\u00e1n ejercer sus derechos de Ley y realizar los procedimientos establecidos en este documento, a trav\u00e9s de nuestra p\u00e1gina web:\u00a0www.fioridiromagna.pe<\/p>\n<p>En caso que el titular del dato personal requiera ejercer sus derechos mediante un representante, \u00e9ste deber\u00e1 presentar carta poder legalizada por notario p\u00fablico que lo faculte como tal y su documento de identidad.<\/p>\n<p>Consentimiento<br \/>\nCon la aceptaci\u00f3n de la presente Pol\u00edtica usted manifiesta su consentimiento y conformidad con todos los t\u00e9rminos expuestos y nos autoriza a tratar sus datos personales para los fines aqu\u00ed expresados.<\/p>\n<p>Vigencia<br \/>\nLos Datos Personales que sean almacenados, utilizados o transmitidos permanecer\u00e1n en las Bases de Datos de Fiori di Romagna durante el tiempo que sea necesario para cumplir los fines previstos en la presente Pol\u00edtica. En el caso de clientes y ex clientes, trabajadores, contratistas y proveedores, sus datos personales relacionados al cumplimiento o ejecuci\u00f3n de su relaci\u00f3n comercial ser\u00e1n mantenidos cuando menos por el plazo que disponga la normativa aplicable.<\/p>\n<p>Modificaciones<br \/>\nLa presente Pol\u00edtica ha sido actualizada\u00a0 y podr\u00e1 ser modificada por Fiori di Romagna<\/p>\n<p>De producirse cualquier cambio o modificaci\u00f3n de la presente Pol\u00edtica, el texto vigente de la misma ser\u00e1 publicado en nuestro portal web www.fioridiromagna.pe<\/p>\n<p>Fotos referenciales. Todos nuestros precios incluyen impuestos.<br \/>\nToda entrega se aplicar\u00e1 costo de delivery el cual depender\u00e1 de la zona.<\/p>\n","protected":false},"excerpt":{"rendered":"<p>Pol\u00edtica de protecci\u00f3n de datos personales Informaci\u00f3n general FIORI DI ROMAGNA es una empresa dedicada a la comercializaci\u00f3n de productos decorativos con plantas vivas, garantizando la supervivencia de estas, delicadamente tratadas por nuestro equipo y adaptadas a las condiciones clim\u00e1ticas de la ciudad de Arequipa. Nuestras oficinas se encuentran en la urb. La Marina d28 [&hellip;]<\/p>\n","protected":false},"author":1,"featured_media":0,"parent":0,"menu_order":0,"comment_status":"closed","ping_status":"open","template":"","meta":{"ocean_post_layout":"","ocean_both_sidebars_style":"","ocean_both_sidebars_content_width":0,"ocean_both_sidebars_sidebars_width":0,"ocean_sidebar":"0","ocean_second_sidebar":"0","ocean_disable_margins":"enable","ocean_add_body_class":"","ocean_shortcode_before_top_bar":"","ocean_shortcode_after_top_bar":"","ocean_shortcode_before_header":"","ocean_shortcode_after_header":"","ocean_has_shortcode":"","ocean_shortcode_after_title":"","ocean_shortcode_before_footer_widgets":"","ocean_shortcode_after_footer_widgets":"","ocean_shortcode_before_footer_bottom":"","ocean_shortcode_after_footer_bottom":"","ocean_display_top_bar":"default","ocean_display_header":"default","ocean_header_style":"","ocean_center_header_left_menu":"0","ocean_custom_header_template":"0","ocean_custom_logo":0,"ocean_custom_retina_logo":0,"ocean_custom_logo_max_width":0,"ocean_custom_logo_tablet_max_width":0,"ocean_custom_logo_mobile_max_width":0,"ocean_custom_logo_max_height":0,"ocean_custom_logo_tablet_max_height":0,"ocean_custom_logo_mobile_max_height":0,"ocean_header_custom_menu":"0","ocean_menu_typo_font_family":"0","ocean_menu_typo_font_subset":"","ocean_menu_typo_font_size":0,"ocean_menu_typo_font_size_tablet":0,"ocean_menu_typo_font_size_mobile":0,"ocean_menu_typo_font_size_unit":"px","ocean_menu_typo_font_weight":"","ocean_menu_typo_font_weight_tablet":"","ocean_menu_typo_font_weight_mobile":"","ocean_menu_typo_transform":"","ocean_menu_typo_transform_tablet":"","ocean_menu_typo_transform_mobile":"","ocean_menu_typo_line_height":0,"ocean_menu_typo_line_height_tablet":0,"ocean_menu_typo_line_height_mobile":0,"ocean_menu_typo_line_height_unit":"","ocean_menu_typo_spacing":0,"ocean_menu_typo_spacing_tablet":0,"ocean_menu_typo_spacing_mobile":0,"ocean_menu_typo_spacing_unit":"","ocean_menu_link_color":"","ocean_menu_link_color_hover":"","ocean_menu_link_color_active":"","ocean_menu_link_background":"","ocean_menu_link_hover_background":"","ocean_menu_link_active_background":"","ocean_menu_social_links_bg":"","ocean_menu_social_hover_links_bg":"","ocean_menu_social_links_color":"","ocean_menu_social_hover_links_color":"","ocean_disable_title":"default","ocean_disable_heading":"default","ocean_post_title":"","ocean_post_subheading":"","ocean_post_title_style":"","ocean_post_title_background_color":"","ocean_post_title_background":0,"ocean_post_title_bg_image_position":"","ocean_post_title_bg_image_attachment":"","ocean_post_title_bg_image_repeat":"","ocean_post_title_bg_image_size":"","ocean_post_title_height":0,"ocean_post_title_bg_overlay":0.5,"ocean_post_title_bg_overlay_color":"","ocean_disable_breadcrumbs":"default","ocean_breadcrumbs_color":"","ocean_breadcrumbs_separator_color":"","ocean_breadcrumbs_links_color":"","ocean_breadcrumbs_links_hover_color":"","ocean_display_footer_widgets":"default","ocean_display_footer_bottom":"default","ocean_custom_footer_template":"0","footnotes":""},"class_list":["post-3","page","type-page","status-publish","hentry","entry","owp-thumbs-layout-horizontal","owp-btn-normal","owp-tabs-layout-section","has-no-thumbnails"],"_links":{"self":[{"href":"https:\/\/fioridiromagna.pe\/plantas\/wp-json\/wp\/v2\/pages\/3","targetHints":{"allow":["GET"]}}],"collection":[{"href":"https:\/\/fioridiromagna.pe\/plantas\/wp-json\/wp\/v2\/pages"}],"about":[{"href":"https:\/\/fioridiromagna.pe\/plantas\/wp-json\/wp\/v2\/types\/page"}],"author":[{"embeddable":true,"href":"https:\/\/fioridiromagna.pe\/plantas\/wp-json\/wp\/v2\/users\/1"}],"replies":[{"embeddable":true,"href":"https:\/\/fioridiromagna.pe\/plantas\/wp-json\/wp\/v2\/comments?post=3"}],"version-history":[{"count":2,"href":"https:\/\/fioridiromagna.pe\/plantas\/wp-json\/wp\/v2\/pages\/3\/revisions"}],"predecessor-version":[{"id":1166,"href":"https:\/\/fioridiromagna.pe\/plantas\/wp-json\/wp\/v2\/pages\/3\/revisions\/1166"}],"wp:attachment":[{"href":"https:\/\/fioridiromagna.pe\/plantas\/wp-json\/wp\/v2\/media?parent=3"}],"curies":[{"name":"wp","href":"https:\/\/api.w.org\/{rel}","templated":true}]}}