{"id":912,"date":"2019-01-07T18:51:30","date_gmt":"2019-01-07T23:51:30","guid":{"rendered":"https:\/\/fioridiromagna.pe\/plantas\/?page_id=912"},"modified":"2019-01-25T20:43:21","modified_gmt":"2019-01-26T01:43:21","slug":"nosotros","status":"publish","type":"page","link":"https:\/\/fioridiromagna.pe\/plantas\/nosotros\/","title":{"rendered":"Nosotros"},"content":{"rendered":"<p>Habiendo recibido el desaf\u00edo cuando se estaba generando la visi\u00f3n de que Arequipa era una ciudad de piedra, la fundadora de la empresa lo tomo como un reto personal, haciendo de su pasi\u00f3n y cari\u00f1o por la naturaleza lo que ahora es FIORI DI ROMAGNA.<\/p>\n<p>El nombre de la empresa est\u00e1 inspirado por los grandes campos de flores de la regi\u00f3n EMILIA ROMAGNA (Italia) donde el viajero puede relajarse viendo la hermosa naturaleza a su alrededor.<\/p>\n<figure id=\"attachment_1133\" aria-describedby=\"caption-attachment-1133\" style=\"width: 1024px\" class=\"wp-caption aligncenter\"><img fetchpriority=\"high\" decoding=\"async\" class=\"wp-image-1133 size-large\" src=\"https:\/\/fioridiromagna.pe\/plantas\/wp-content\/uploads\/2019\/01\/Fiori-Emilia-Romagna_1920x700-1024x373.jpg\" alt=\"\" width=\"1024\" height=\"373\" srcset=\"https:\/\/fioridiromagna.pe\/plantas\/wp-content\/uploads\/2019\/01\/Fiori-Emilia-Romagna_1920x700-1024x373.jpg 1024w, https:\/\/fioridiromagna.pe\/plantas\/wp-content\/uploads\/2019\/01\/Fiori-Emilia-Romagna_1920x700-600x219.jpg 600w, https:\/\/fioridiromagna.pe\/plantas\/wp-content\/uploads\/2019\/01\/Fiori-Emilia-Romagna_1920x700-768x280.jpg 768w, https:\/\/fioridiromagna.pe\/plantas\/wp-content\/uploads\/2019\/01\/Fiori-Emilia-Romagna_1920x700.jpg 1920w\" sizes=\"(max-width: 1024px) 100vw, 1024px\" \/><figcaption id=\"caption-attachment-1133\" class=\"wp-caption-text\">The castle of Levizzano (Italy) in a beautiful Emilia Romagna<\/figcaption><\/figure>\n<p>&nbsp;<\/p>\n<p>Nuestra empresa nace en el 2015 y est\u00e1 conformada por un equipo de profesionales comprometidos con la satisfacci\u00f3n de todos nuestros clientes as\u00ed tambi\u00e9n con el enfoque de promover el verde en nuestra querida ciudad.<\/p>\n<figure id=\"attachment_1134\" aria-describedby=\"caption-attachment-1134\" style=\"width: 1024px\" class=\"wp-caption aligncenter\"><img decoding=\"async\" class=\"wp-image-1134 size-large\" src=\"https:\/\/fioridiromagna.pe\/plantas\/wp-content\/uploads\/2019\/01\/Fiori-di-romagna-arequipa-historia-1024x576.jpg\" alt=\"Taller herbario de Fiori di Romagna\" width=\"1024\" height=\"576\" srcset=\"https:\/\/fioridiromagna.pe\/plantas\/wp-content\/uploads\/2019\/01\/Fiori-di-romagna-arequipa-historia-1024x576.jpg 1024w, https:\/\/fioridiromagna.pe\/plantas\/wp-content\/uploads\/2019\/01\/Fiori-di-romagna-arequipa-historia-600x338.jpg 600w, https:\/\/fioridiromagna.pe\/plantas\/wp-content\/uploads\/2019\/01\/Fiori-di-romagna-arequipa-historia-768x432.jpg 768w, https:\/\/fioridiromagna.pe\/plantas\/wp-content\/uploads\/2019\/01\/Fiori-di-romagna-arequipa-historia.jpg 1200w\" sizes=\"(max-width: 1024px) 100vw, 1024px\" \/><figcaption id=\"caption-attachment-1134\" class=\"wp-caption-text\">Taller herbario de Fiori di Romagna<\/figcaption><\/figure>\n<p>&nbsp;<\/p>\n<p>Fiori di Romagna te brinda un servicio completo desde el tratamiento de nuestras plantas adquiridas, el modo en el que se trabaja con ellas, los sustratos acondicionados as\u00ed como la asesor\u00eda tanto del ambiente a decorar como del cuidado de su planta y finalmente el servicio de mantenimiento para garantizar la permanencia de su inversi\u00f3n.<\/p>\n<figure id=\"attachment_1137\" aria-describedby=\"caption-attachment-1137\" style=\"width: 1024px\" class=\"wp-caption aligncenter\"><img decoding=\"async\" class=\"wp-image-1137 size-large\" src=\"https:\/\/fioridiromagna.pe\/plantas\/wp-content\/uploads\/2019\/01\/Fiori-di-romagna-arequipa-historia2-1024x768.jpg\" alt=\"Decoraci\u00f3n interna por Fiori di Romagna\" width=\"1024\" height=\"768\" srcset=\"https:\/\/fioridiromagna.pe\/plantas\/wp-content\/uploads\/2019\/01\/Fiori-di-romagna-arequipa-historia2.jpg 1024w, https:\/\/fioridiromagna.pe\/plantas\/wp-content\/uploads\/2019\/01\/Fiori-di-romagna-arequipa-historia2-600x450.jpg 600w, https:\/\/fioridiromagna.pe\/plantas\/wp-content\/uploads\/2019\/01\/Fiori-di-romagna-arequipa-historia2-768x576.jpg 768w\" sizes=\"(max-width: 1024px) 100vw, 1024px\" \/><figcaption id=\"caption-attachment-1137\" class=\"wp-caption-text\">Decoraci\u00f3n interna por Fiori di Romagna<\/figcaption><\/figure>\n<p>&nbsp;<\/p>\n","protected":false},"excerpt":{"rendered":"<p>Habiendo recibido el desaf\u00edo cuando se estaba generando la visi\u00f3n de que Arequipa era una ciudad de piedra, la fundadora de la empresa lo tomo como un reto personal, haciendo de su pasi\u00f3n y cari\u00f1o por la naturaleza lo que ahora es FIORI DI ROMAGNA. El nombre de la empresa est\u00e1 inspirado por los grandes [&hellip;]<\/p>\n","protected":false},"author":1,"featured_media":0,"parent":0,"menu_order":0,"comment_status":"closed","ping_status":"closed","template":"","meta":{"ocean_post_layout":"","ocean_both_sidebars_style":"","ocean_both_sidebars_content_width":0,"ocean_both_sidebars_sidebars_width":0,"ocean_sidebar":"0","ocean_second_sidebar":"0","ocean_disable_margins":"enable","ocean_add_body_class":"","ocean_shortcode_before_top_bar":"","ocean_shortcode_after_top_bar":"","ocean_shortcode_before_header":"","ocean_shortcode_after_header":"","ocean_has_shortcode":"","ocean_shortcode_after_title":"","ocean_shortcode_before_footer_widgets":"","ocean_shortcode_after_footer_widgets":"","ocean_shortcode_before_footer_bottom":"","ocean_shortcode_after_footer_bottom":"","ocean_display_top_bar":"default","ocean_display_header":"default","ocean_header_style":"","ocean_center_header_left_menu":"0","ocean_custom_header_template":"0","ocean_custom_logo":0,"ocean_custom_retina_logo":0,"ocean_custom_logo_max_width":0,"ocean_custom_logo_tablet_max_width":0,"ocean_custom_logo_mobile_max_width":0,"ocean_custom_logo_max_height":0,"ocean_custom_logo_tablet_max_height":0,"ocean_custom_logo_mobile_max_height":0,"ocean_header_custom_menu":"0","ocean_menu_typo_font_family":"0","ocean_menu_typo_font_subset":"","ocean_menu_typo_font_size":0,"ocean_menu_typo_font_size_tablet":0,"ocean_menu_typo_font_size_mobile":0,"ocean_menu_typo_font_size_unit":"px","ocean_menu_typo_font_weight":"","ocean_menu_typo_font_weight_tablet":"","ocean_menu_typo_font_weight_mobile":"","ocean_menu_typo_transform":"","ocean_menu_typo_transform_tablet":"","ocean_menu_typo_transform_mobile":"","ocean_menu_typo_line_height":0,"ocean_menu_typo_line_height_tablet":0,"ocean_menu_typo_line_height_mobile":0,"ocean_menu_typo_line_height_unit":"","ocean_menu_typo_spacing":0,"ocean_menu_typo_spacing_tablet":0,"ocean_menu_typo_spacing_mobile":0,"ocean_menu_typo_spacing_unit":"","ocean_menu_link_color":"","ocean_menu_link_color_hover":"","ocean_menu_link_color_active":"","ocean_menu_link_background":"","ocean_menu_link_hover_background":"","ocean_menu_link_active_background":"","ocean_menu_social_links_bg":"","ocean_menu_social_hover_links_bg":"","ocean_menu_social_links_color":"","ocean_menu_social_hover_links_color":"","ocean_disable_title":"default","ocean_disable_heading":"default","ocean_post_title":"","ocean_post_subheading":"","ocean_post_title_style":"","ocean_post_title_background_color":"","ocean_post_title_background":0,"ocean_post_title_bg_image_position":"","ocean_post_title_bg_image_attachment":"","ocean_post_title_bg_image_repeat":"","ocean_post_title_bg_image_size":"","ocean_post_title_height":0,"ocean_post_title_bg_overlay":0.5,"ocean_post_title_bg_overlay_color":"","ocean_disable_breadcrumbs":"default","ocean_breadcrumbs_color":"","ocean_breadcrumbs_separator_color":"","ocean_breadcrumbs_links_color":"","ocean_breadcrumbs_links_hover_color":"","ocean_display_footer_widgets":"default","ocean_display_footer_bottom":"default","ocean_custom_footer_template":"0","footnotes":""},"class_list":["post-912","page","type-page","status-publish","hentry","entry","owp-thumbs-layout-horizontal","owp-btn-normal","owp-tabs-layout-section","has-no-thumbnails"],"_links":{"self":[{"href":"https:\/\/fioridiromagna.pe\/plantas\/wp-json\/wp\/v2\/pages\/912","targetHints":{"allow":["GET"]}}],"collection":[{"href":"https:\/\/fioridiromagna.pe\/plantas\/wp-json\/wp\/v2\/pages"}],"about":[{"href":"https:\/\/fioridiromagna.pe\/plantas\/wp-json\/wp\/v2\/types\/page"}],"author":[{"embeddable":true,"href":"https:\/\/fioridiromagna.pe\/plantas\/wp-json\/wp\/v2\/users\/1"}],"replies":[{"embeddable":true,"href":"https:\/\/fioridiromagna.pe\/plantas\/wp-json\/wp\/v2\/comments?post=912"}],"version-history":[{"count":5,"href":"https:\/\/fioridiromagna.pe\/plantas\/wp-json\/wp\/v2\/pages\/912\/revisions"}],"predecessor-version":[{"id":1139,"href":"https:\/\/fioridiromagna.pe\/plantas\/wp-json\/wp\/v2\/pages\/912\/revisions\/1139"}],"wp:attachment":[{"href":"https:\/\/fioridiromagna.pe\/plantas\/wp-json\/wp\/v2\/media?parent=912"}],"curies":[{"name":"wp","href":"https:\/\/api.w.org\/{rel}","templated":true}]}}